{"id":55,"date":"2023-06-18T15:48:22","date_gmt":"2023-06-18T15:48:22","guid":{"rendered":"https:\/\/fewo.pwuq.de\/?page_id=55"},"modified":"2023-06-18T15:54:46","modified_gmt":"2023-06-18T15:54:46","slug":"umgebung","status":"publish","type":"page","link":"https:\/\/ferienwohnung-sch\u00f6nkirchen.de\/?page_id=55","title":{"rendered":"Umgebung"},"content":{"rendered":"\n<p>Einige Impressionen der &#8222;sch\u00f6nen&#8220; Umgebung Sch\u00f6nkirchens<\/p>\n\n\n<div  id=\"jtg-57\" class=\"modula modula-gallery modula-custom-grid\" data-config=\"{&quot;height&quot;:0,&quot;tabletHeight&quot;:0,&quot;mobileHeight&quot;:0,&quot;desktopHeight&quot;:0,&quot;enableTwitter&quot;:false,&quot;enableWhatsapp&quot;:false,&quot;enableFacebook&quot;:false,&quot;enablePinterest&quot;:false,&quot;enableLinkedin&quot;:false,&quot;enableEmail&quot;:false,&quot;randomFactor&quot;:0,&quot;type&quot;:&quot;custom-grid&quot;,&quot;columns&quot;:12,&quot;gutter&quot;:10,&quot;mobileGutter&quot;:10,&quot;tabletGutter&quot;:10,&quot;desktopGutter&quot;:10,&quot;enableResponsive&quot;:&quot;0&quot;,&quot;tabletColumns&quot;:&quot;2&quot;,&quot;mobileColumns&quot;:&quot;1&quot;,&quot;lazyLoad&quot;:0,&quot;lightboxOpts&quot;:{&quot;animated&quot;:true,&quot;Thumbs&quot;:{&quot;type&quot;:&quot;modern&quot;,&quot;showOnStart&quot;:false},&quot;Toolbar&quot;:{&quot;display&quot;:{&quot;right&quot;:[&quot;close&quot;]},&quot;enabled&quot;:true},&quot;Carousel&quot;:{&quot;Panzoom&quot;:{&quot;touch&quot;:true},&quot;infinite&quot;:false},&quot;keyboard&quot;:{&quot;Escape&quot;:&quot;close&quot;,&quot;Delete&quot;:&quot;close&quot;,&quot;Backspace&quot;:&quot;close&quot;,&quot;PageUp&quot;:false,&quot;PageDown&quot;:false,&quot;ArrowUp&quot;:false,&quot;ArrowDown&quot;:false,&quot;ArrowRight&quot;:false,&quot;ArrowLeft&quot;:false},&quot;touch&quot;:false,&quot;backdropClick&quot;:false,&quot;l10n&quot;:{&quot;CLOSE&quot;:&quot;Schlie\\u00dfen&quot;,&quot;NEXT&quot;:&quot;Weiter&quot;,&quot;PREV&quot;:&quot;Zur\\u00fcck&quot;,&quot;Error&quot;:&quot;Der angeforderte Inhalt kann nicht geladen werden. Bitte versuche es sp\\u00e4ter noch einmal.&quot;,&quot;PLAY_START&quot;:&quot;Slideshow starten&quot;,&quot;PLAY_STOP&quot;:&quot;Slideshow anhalten&quot;,&quot;FULL_SCREEN&quot;:&quot;Vollbild&quot;,&quot;THUMBS&quot;:&quot;Vorschaubilder&quot;,&quot;DOWNLOAD&quot;:&quot;Download&quot;,&quot;SHARE&quot;:&quot;Teilen&quot;,&quot;ZOOM&quot;:&quot;Vergr\\u00f6\\u00dfern&quot;,&quot;EMAIL&quot;:&quot;Hier ist der Link zum Bild: %%image_link%% und hier ist der Link zur Galerie: %%gallery_link%%&quot;,&quot;MODAL&quot;:&quot;Du kannst diesen Modal-Inhalt mit der ESC-Taste schlie\\u00dfen&quot;,&quot;ERROR&quot;:&quot;Es ist ein Fehler aufgetreten. Bitte versuche es sp\\u00e4ter noch einmal&quot;,&quot;IMAGE_ERROR&quot;:&quot;Bild nicht gefunden&quot;,&quot;ELEMENT_NOT_FOUND&quot;:&quot;HTML-Element nicht gefunden&quot;,&quot;AJAX_NOT_FOUND&quot;:&quot;Fehler beim Laden von AJAX: Nicht gefunden&quot;,&quot;AJAX_FORBIDDEN&quot;:&quot;Fehler beim Laden von AJAX: Zugriff verweigert&quot;,&quot;IFRAME_ERROR&quot;:&quot;Fehler beim Laden der Seite&quot;,&quot;TOGGLE_ZOOM&quot;:&quot;Zoomstufe umschalten&quot;,&quot;TOGGLE_THUMBS&quot;:&quot;Miniaturansichten ein-\\\/ausblenden&quot;,&quot;TOGGLE_SLIDESHOW&quot;:&quot;Diashow ein-\\\/ausschalten&quot;,&quot;TOGGLE_FULLSCREEN&quot;:&quot;Vollbildmodus umschalten&quot;},&quot;Images&quot;:{&quot;Panzoom&quot;:{&quot;maxScale&quot;:2}},&quot;mainClass&quot;:&quot;modula-fancybox-container modula-lightbox-jtg-57&quot;,&quot;Html&quot;:{&quot;videoAutoplay&quot;:0,&quot;videoTpl&quot;:&quot;&lt;video class=\\&quot;fancybox__html5video\\&quot; controls muted playsinline controlsList controlsList=\\&quot;nodownload\\&quot; poster=\\&quot;{{poster}}\\&quot; src=\\&quot;{{src}}\\&quot; type=\\&quot;{{format}}\\&quot; &gt;  Sorry, your browser doesn&#039;t support embedded videos, &lt;a href=\\&quot;{{src}}\\&quot;&gt; download &lt;\\\/a&gt; and watch with your favorite video player! &lt;\\\/video&gt;&quot;}},&quot;inView&quot;:false,&quot;email_subject&quot;:&quot;Check out this awesome image !!&quot;,&quot;email_message&quot;:&quot;Here is the link to the image : %%image_link%% and this is the link to the gallery : %%gallery_link%%&quot;,&quot;lightbox&quot;:&quot;fancybox&quot;}\">\n\n\t\n\t<div  class=\"modula-items\">\n\t\t<div class=\"modula-item\" data-width=\"4\" data-height=\"4\" >\n\t<div class=\"modula-item-content\">\n\t\t\n\t\t\t\t\t<a data-image-id=\"66\" role=\"button\" tabindex=\"0\" rel=\"jtg-57\" data-caption=\"\" aria-label=\"Bilder in Lightbox \u00f6ffnen\" class=\"tile-inner modula-item-link\"><\/a>\n\t\t\n\t\t<img loading=\"lazy\" decoding=\"async\" class=\"pic wp-image-66\"  data-valign=\"middle\" data-halign=\"center\" alt=\"\" data-full=\"https:\/\/ferienwohnung-sch\u00f6nkirchen.de\/wp-content\/uploads\/2023\/06\/Uml09.jpg\" title=\"Uml09\" crop=\"\" width=\"600\" height=\"450\" src=\"https:\/\/ferienwohnung-sch\u00f6nkirchen.de\/wp-content\/uploads\/2023\/06\/Uml09.jpg\" data-src=\"https:\/\/ferienwohnung-sch\u00f6nkirchen.de\/wp-content\/uploads\/2023\/06\/Uml09.jpg\" data-caption=\"\" srcset=\"https:\/\/ferienwohnung-sch\u00f6nkirchen.de\/wp-content\/uploads\/2023\/06\/Uml09.jpg 600w, https:\/\/ferienwohnung-sch\u00f6nkirchen.de\/wp-content\/uploads\/2023\/06\/Uml09-300x225.jpg 300w\" sizes=\"auto, (max-width: 600px) 100vw, 600px\" \/>\n\t<\/div>\n\n<\/div><div class=\"modula-item\" data-width=\"2\" data-height=\"2\" >\n\t<div class=\"modula-item-content\">\n\t\t\n\t\t\t\t\t<a data-image-id=\"65\" role=\"button\" tabindex=\"0\" rel=\"jtg-57\" data-caption=\"\" aria-label=\"Bilder in Lightbox \u00f6ffnen\" class=\"tile-inner modula-item-link\"><\/a>\n\t\t\n\t\t<img loading=\"lazy\" decoding=\"async\" class=\"pic wp-image-65\"  data-valign=\"middle\" data-halign=\"center\" alt=\"\" data-full=\"https:\/\/ferienwohnung-sch\u00f6nkirchen.de\/wp-content\/uploads\/2023\/06\/Uml08.jpg\" title=\"Uml08\" crop=\"\" width=\"450\" height=\"600\" src=\"https:\/\/ferienwohnung-sch\u00f6nkirchen.de\/wp-content\/uploads\/2023\/06\/Uml08.jpg\" data-src=\"https:\/\/ferienwohnung-sch\u00f6nkirchen.de\/wp-content\/uploads\/2023\/06\/Uml08.jpg\" data-caption=\"\" srcset=\"https:\/\/ferienwohnung-sch\u00f6nkirchen.de\/wp-content\/uploads\/2023\/06\/Uml08.jpg 450w, https:\/\/ferienwohnung-sch\u00f6nkirchen.de\/wp-content\/uploads\/2023\/06\/Uml08-225x300.jpg 225w\" sizes=\"auto, (max-width: 450px) 100vw, 450px\" \/>\n\t<\/div>\n\n<\/div><div class=\"modula-item\" data-width=\"2\" data-height=\"2\" >\n\t<div class=\"modula-item-content\">\n\t\t\n\t\t\t\t\t<a data-image-id=\"64\" role=\"button\" tabindex=\"0\" rel=\"jtg-57\" data-caption=\"Sch\u02c6nkirchen - Marienkirche\" aria-label=\"Bilder in Lightbox \u00f6ffnen\" class=\"tile-inner modula-item-link\"><\/a>\n\t\t\n\t\t<img loading=\"lazy\" decoding=\"async\" class=\"pic wp-image-64\"  data-valign=\"middle\" data-halign=\"center\" alt=\"\" data-full=\"https:\/\/ferienwohnung-sch\u00f6nkirchen.de\/wp-content\/uploads\/2023\/06\/Uml07.jpg\" title=\"Sch\u02c6nkirchen - Marienkirche\" crop=\"\" width=\"473\" height=\"450\" src=\"https:\/\/ferienwohnung-sch\u00f6nkirchen.de\/wp-content\/uploads\/2023\/06\/Uml07.jpg\" data-src=\"https:\/\/ferienwohnung-sch\u00f6nkirchen.de\/wp-content\/uploads\/2023\/06\/Uml07.jpg\" data-caption=\"Sch\u02c6nkirchen - Marienkirche\" srcset=\"https:\/\/ferienwohnung-sch\u00f6nkirchen.de\/wp-content\/uploads\/2023\/06\/Uml07.jpg 473w, https:\/\/ferienwohnung-sch\u00f6nkirchen.de\/wp-content\/uploads\/2023\/06\/Uml07-300x285.jpg 300w\" sizes=\"auto, (max-width: 473px) 100vw, 473px\" \/>\n\t<\/div>\n\n<\/div><div class=\"modula-item\" data-width=\"2\" data-height=\"2\" >\n\t<div class=\"modula-item-content\">\n\t\t\n\t\t\t\t\t<a data-image-id=\"60\" role=\"button\" tabindex=\"0\" rel=\"jtg-57\" data-caption=\"\" aria-label=\"Bilder in Lightbox \u00f6ffnen\" class=\"tile-inner modula-item-link\"><\/a>\n\t\t\n\t\t<img loading=\"lazy\" decoding=\"async\" class=\"pic wp-image-60\"  data-valign=\"middle\" data-halign=\"center\" alt=\"\" data-full=\"https:\/\/ferienwohnung-sch\u00f6nkirchen.de\/wp-content\/uploads\/2023\/06\/Uml03.jpg\" title=\"Uml03\" crop=\"\" width=\"600\" height=\"338\" src=\"https:\/\/ferienwohnung-sch\u00f6nkirchen.de\/wp-content\/uploads\/2023\/06\/Uml03.jpg\" data-src=\"https:\/\/ferienwohnung-sch\u00f6nkirchen.de\/wp-content\/uploads\/2023\/06\/Uml03.jpg\" data-caption=\"\" srcset=\"https:\/\/ferienwohnung-sch\u00f6nkirchen.de\/wp-content\/uploads\/2023\/06\/Uml03.jpg 600w, https:\/\/ferienwohnung-sch\u00f6nkirchen.de\/wp-content\/uploads\/2023\/06\/Uml03-300x169.jpg 300w\" sizes=\"auto, (max-width: 600px) 100vw, 600px\" \/>\n\t<\/div>\n\n<\/div><div class=\"modula-item\" data-width=\"2\" data-height=\"2\" >\n\t<div class=\"modula-item-content\">\n\t\t\n\t\t\t\t\t<a data-image-id=\"67\" role=\"button\" tabindex=\"0\" rel=\"jtg-57\" data-caption=\"OLYMPUS DIGITAL CAMERA\" aria-label=\"Bilder in Lightbox \u00f6ffnen\" class=\"tile-inner modula-item-link\"><\/a>\n\t\t\n\t\t<img loading=\"lazy\" decoding=\"async\" class=\"pic wp-image-67\"  data-valign=\"middle\" data-halign=\"center\" alt=\"\" data-full=\"https:\/\/ferienwohnung-sch\u00f6nkirchen.de\/wp-content\/uploads\/2023\/06\/Uml10.jpg\" title=\"OLYMPUS DIGITAL CAMERA\" crop=\"\" width=\"600\" height=\"450\" src=\"https:\/\/ferienwohnung-sch\u00f6nkirchen.de\/wp-content\/uploads\/2023\/06\/Uml10.jpg\" data-src=\"https:\/\/ferienwohnung-sch\u00f6nkirchen.de\/wp-content\/uploads\/2023\/06\/Uml10.jpg\" data-caption=\"OLYMPUS DIGITAL CAMERA\" srcset=\"https:\/\/ferienwohnung-sch\u00f6nkirchen.de\/wp-content\/uploads\/2023\/06\/Uml10.jpg 600w, https:\/\/ferienwohnung-sch\u00f6nkirchen.de\/wp-content\/uploads\/2023\/06\/Uml10-300x225.jpg 300w\" sizes=\"auto, (max-width: 600px) 100vw, 600px\" \/>\n\t<\/div>\n\n<\/div><div class=\"modula-item\" data-width=\"2\" data-height=\"2\" >\n\t<div class=\"modula-item-content\">\n\t\t\n\t\t\t\t\t<a data-image-id=\"71\" role=\"button\" tabindex=\"0\" rel=\"jtg-57\" data-caption=\"\" aria-label=\"Bilder in Lightbox \u00f6ffnen\" class=\"tile-inner modula-item-link\"><\/a>\n\t\t\n\t\t<img loading=\"lazy\" decoding=\"async\" class=\"pic wp-image-71\"  data-valign=\"middle\" data-halign=\"center\" alt=\"\" data-full=\"https:\/\/ferienwohnung-sch\u00f6nkirchen.de\/wp-content\/uploads\/2023\/06\/Uml14.jpg\" title=\"Uml14\" crop=\"\" width=\"600\" height=\"450\" src=\"https:\/\/ferienwohnung-sch\u00f6nkirchen.de\/wp-content\/uploads\/2023\/06\/Uml14.jpg\" data-src=\"https:\/\/ferienwohnung-sch\u00f6nkirchen.de\/wp-content\/uploads\/2023\/06\/Uml14.jpg\" data-caption=\"\" srcset=\"https:\/\/ferienwohnung-sch\u00f6nkirchen.de\/wp-content\/uploads\/2023\/06\/Uml14.jpg 600w, https:\/\/ferienwohnung-sch\u00f6nkirchen.de\/wp-content\/uploads\/2023\/06\/Uml14-300x225.jpg 300w\" sizes=\"auto, (max-width: 600px) 100vw, 600px\" \/>\n\t<\/div>\n\n<\/div><div class=\"modula-item\" data-width=\"2\" data-height=\"2\" >\n\t<div class=\"modula-item-content\">\n\t\t\n\t\t\t\t\t<a data-image-id=\"59\" role=\"button\" tabindex=\"0\" rel=\"jtg-57\" data-caption=\"\" aria-label=\"Bilder in Lightbox \u00f6ffnen\" class=\"tile-inner modula-item-link\"><\/a>\n\t\t\n\t\t<img loading=\"lazy\" decoding=\"async\" class=\"pic wp-image-59\"  data-valign=\"middle\" data-halign=\"center\" alt=\"\" data-full=\"https:\/\/ferienwohnung-sch\u00f6nkirchen.de\/wp-content\/uploads\/2023\/06\/Uml02.jpg\" title=\"Uml02\" crop=\"\" width=\"600\" height=\"450\" src=\"https:\/\/ferienwohnung-sch\u00f6nkirchen.de\/wp-content\/uploads\/2023\/06\/Uml02.jpg\" data-src=\"https:\/\/ferienwohnung-sch\u00f6nkirchen.de\/wp-content\/uploads\/2023\/06\/Uml02.jpg\" data-caption=\"\" srcset=\"https:\/\/ferienwohnung-sch\u00f6nkirchen.de\/wp-content\/uploads\/2023\/06\/Uml02.jpg 600w, https:\/\/ferienwohnung-sch\u00f6nkirchen.de\/wp-content\/uploads\/2023\/06\/Uml02-300x225.jpg 300w\" sizes=\"auto, (max-width: 600px) 100vw, 600px\" \/>\n\t<\/div>\n\n<\/div><div class=\"modula-item\" data-width=\"2\" data-height=\"2\" >\n\t<div class=\"modula-item-content\">\n\t\t\n\t\t\t\t\t<a data-image-id=\"58\" role=\"button\" tabindex=\"0\" rel=\"jtg-57\" data-caption=\"\" aria-label=\"Bilder in Lightbox \u00f6ffnen\" class=\"tile-inner modula-item-link\"><\/a>\n\t\t\n\t\t<img loading=\"lazy\" decoding=\"async\" class=\"pic wp-image-58\"  data-valign=\"middle\" data-halign=\"center\" alt=\"\" data-full=\"https:\/\/ferienwohnung-sch\u00f6nkirchen.de\/wp-content\/uploads\/2023\/06\/Uml01.jpg\" title=\"Uml01\" crop=\"\" width=\"600\" height=\"443\" src=\"https:\/\/ferienwohnung-sch\u00f6nkirchen.de\/wp-content\/uploads\/2023\/06\/Uml01.jpg\" data-src=\"https:\/\/ferienwohnung-sch\u00f6nkirchen.de\/wp-content\/uploads\/2023\/06\/Uml01.jpg\" data-caption=\"\" srcset=\"https:\/\/ferienwohnung-sch\u00f6nkirchen.de\/wp-content\/uploads\/2023\/06\/Uml01.jpg 600w, https:\/\/ferienwohnung-sch\u00f6nkirchen.de\/wp-content\/uploads\/2023\/06\/Uml01-300x222.jpg 300w\" sizes=\"auto, (max-width: 600px) 100vw, 600px\" \/>\n\t<\/div>\n\n<\/div><div class=\"modula-item\" data-width=\"2\" data-height=\"2\" >\n\t<div class=\"modula-item-content\">\n\t\t\n\t\t\t\t\t<a data-image-id=\"72\" role=\"button\" tabindex=\"0\" rel=\"jtg-57\" data-caption=\"\" aria-label=\"Bilder in Lightbox \u00f6ffnen\" class=\"tile-inner modula-item-link\"><\/a>\n\t\t\n\t\t<img loading=\"lazy\" decoding=\"async\" class=\"pic wp-image-72\"  data-valign=\"middle\" data-halign=\"center\" alt=\"\" data-full=\"https:\/\/ferienwohnung-sch\u00f6nkirchen.de\/wp-content\/uploads\/2023\/06\/Uml15.jpg\" title=\"Uml15\" crop=\"\" width=\"600\" height=\"337\" src=\"https:\/\/ferienwohnung-sch\u00f6nkirchen.de\/wp-content\/uploads\/2023\/06\/Uml15.jpg\" data-src=\"https:\/\/ferienwohnung-sch\u00f6nkirchen.de\/wp-content\/uploads\/2023\/06\/Uml15.jpg\" data-caption=\"\" srcset=\"https:\/\/ferienwohnung-sch\u00f6nkirchen.de\/wp-content\/uploads\/2023\/06\/Uml15.jpg 600w, https:\/\/ferienwohnung-sch\u00f6nkirchen.de\/wp-content\/uploads\/2023\/06\/Uml15-300x169.jpg 300w\" sizes=\"auto, (max-width: 600px) 100vw, 600px\" \/>\n\t<\/div>\n\n<\/div><div class=\"modula-item\" data-width=\"2\" data-height=\"2\" >\n\t<div class=\"modula-item-content\">\n\t\t\n\t\t\t\t\t<a data-image-id=\"70\" role=\"button\" tabindex=\"0\" rel=\"jtg-57\" data-caption=\"\" aria-label=\"Bilder in Lightbox \u00f6ffnen\" class=\"tile-inner modula-item-link\"><\/a>\n\t\t\n\t\t<img loading=\"lazy\" decoding=\"async\" class=\"pic wp-image-70\"  data-valign=\"middle\" data-halign=\"center\" alt=\"\" data-full=\"https:\/\/ferienwohnung-sch\u00f6nkirchen.de\/wp-content\/uploads\/2023\/06\/Uml13.jpg\" title=\"Uml13\" crop=\"\" width=\"600\" height=\"450\" src=\"https:\/\/ferienwohnung-sch\u00f6nkirchen.de\/wp-content\/uploads\/2023\/06\/Uml13.jpg\" data-src=\"https:\/\/ferienwohnung-sch\u00f6nkirchen.de\/wp-content\/uploads\/2023\/06\/Uml13.jpg\" data-caption=\"\" srcset=\"https:\/\/ferienwohnung-sch\u00f6nkirchen.de\/wp-content\/uploads\/2023\/06\/Uml13.jpg 600w, https:\/\/ferienwohnung-sch\u00f6nkirchen.de\/wp-content\/uploads\/2023\/06\/Uml13-300x225.jpg 300w\" sizes=\"auto, (max-width: 600px) 100vw, 600px\" \/>\n\t<\/div>\n\n<\/div><div class=\"modula-item\" data-width=\"2\" data-height=\"2\" >\n\t<div class=\"modula-item-content\">\n\t\t\n\t\t\t\t\t<a data-image-id=\"68\" role=\"button\" tabindex=\"0\" rel=\"jtg-57\" data-caption=\"\" aria-label=\"Bilder in Lightbox \u00f6ffnen\" class=\"tile-inner modula-item-link\"><\/a>\n\t\t\n\t\t<img loading=\"lazy\" decoding=\"async\" class=\"pic wp-image-68\"  data-valign=\"middle\" data-halign=\"center\" alt=\"\" data-full=\"https:\/\/ferienwohnung-sch\u00f6nkirchen.de\/wp-content\/uploads\/2023\/06\/Uml11.jpg\" title=\"Uml11\" crop=\"\" width=\"600\" height=\"314\" src=\"https:\/\/ferienwohnung-sch\u00f6nkirchen.de\/wp-content\/uploads\/2023\/06\/Uml11.jpg\" data-src=\"https:\/\/ferienwohnung-sch\u00f6nkirchen.de\/wp-content\/uploads\/2023\/06\/Uml11.jpg\" data-caption=\"\" srcset=\"https:\/\/ferienwohnung-sch\u00f6nkirchen.de\/wp-content\/uploads\/2023\/06\/Uml11.jpg 600w, https:\/\/ferienwohnung-sch\u00f6nkirchen.de\/wp-content\/uploads\/2023\/06\/Uml11-300x157.jpg 300w\" sizes=\"auto, (max-width: 600px) 100vw, 600px\" \/>\n\t<\/div>\n\n<\/div><div class=\"modula-item\" data-width=\"2\" data-height=\"2\" >\n\t<div class=\"modula-item-content\">\n\t\t\n\t\t\t\t\t<a data-image-id=\"63\" role=\"button\" tabindex=\"0\" rel=\"jtg-57\" data-caption=\"\" aria-label=\"Bilder in Lightbox \u00f6ffnen\" class=\"tile-inner modula-item-link\"><\/a>\n\t\t\n\t\t<img loading=\"lazy\" decoding=\"async\" class=\"pic wp-image-63\"  data-valign=\"middle\" data-halign=\"center\" alt=\"\" data-full=\"https:\/\/ferienwohnung-sch\u00f6nkirchen.de\/wp-content\/uploads\/2023\/06\/Uml06.jpg\" title=\"Uml06\" crop=\"\" width=\"600\" height=\"450\" src=\"https:\/\/ferienwohnung-sch\u00f6nkirchen.de\/wp-content\/uploads\/2023\/06\/Uml06.jpg\" data-src=\"https:\/\/ferienwohnung-sch\u00f6nkirchen.de\/wp-content\/uploads\/2023\/06\/Uml06.jpg\" data-caption=\"\" srcset=\"https:\/\/ferienwohnung-sch\u00f6nkirchen.de\/wp-content\/uploads\/2023\/06\/Uml06.jpg 600w, https:\/\/ferienwohnung-sch\u00f6nkirchen.de\/wp-content\/uploads\/2023\/06\/Uml06-300x225.jpg 300w\" sizes=\"auto, (max-width: 600px) 100vw, 600px\" \/>\n\t<\/div>\n\n<\/div><div class=\"modula-item\" data-width=\"2\" data-height=\"2\" >\n\t<div class=\"modula-item-content\">\n\t\t\n\t\t\t\t\t<a data-image-id=\"69\" role=\"button\" tabindex=\"0\" rel=\"jtg-57\" data-caption=\"\" aria-label=\"Bilder in Lightbox \u00f6ffnen\" class=\"tile-inner modula-item-link\"><\/a>\n\t\t\n\t\t<img loading=\"lazy\" decoding=\"async\" class=\"pic wp-image-69\"  data-valign=\"middle\" data-halign=\"center\" alt=\"\" data-full=\"https:\/\/ferienwohnung-sch\u00f6nkirchen.de\/wp-content\/uploads\/2023\/06\/Uml12.jpg\" title=\"Uml12\" crop=\"\" width=\"600\" height=\"501\" src=\"https:\/\/ferienwohnung-sch\u00f6nkirchen.de\/wp-content\/uploads\/2023\/06\/Uml12.jpg\" data-src=\"https:\/\/ferienwohnung-sch\u00f6nkirchen.de\/wp-content\/uploads\/2023\/06\/Uml12.jpg\" data-caption=\"\" srcset=\"https:\/\/ferienwohnung-sch\u00f6nkirchen.de\/wp-content\/uploads\/2023\/06\/Uml12.jpg 600w, https:\/\/ferienwohnung-sch\u00f6nkirchen.de\/wp-content\/uploads\/2023\/06\/Uml12-300x251.jpg 300w\" sizes=\"auto, (max-width: 600px) 100vw, 600px\" \/>\n\t<\/div>\n\n<\/div><div class=\"modula-item\" data-width=\"2\" data-height=\"2\" >\n\t<div class=\"modula-item-content\">\n\t\t\n\t\t\t\t\t<a data-image-id=\"61\" role=\"button\" tabindex=\"0\" rel=\"jtg-57\" data-caption=\"\" aria-label=\"Bilder in Lightbox \u00f6ffnen\" class=\"tile-inner modula-item-link\"><\/a>\n\t\t\n\t\t<img loading=\"lazy\" decoding=\"async\" class=\"pic wp-image-61\"  data-valign=\"middle\" data-halign=\"center\" alt=\"\" data-full=\"https:\/\/ferienwohnung-sch\u00f6nkirchen.de\/wp-content\/uploads\/2023\/06\/Uml04.jpg\" title=\"Uml04\" crop=\"\" width=\"600\" height=\"450\" src=\"https:\/\/ferienwohnung-sch\u00f6nkirchen.de\/wp-content\/uploads\/2023\/06\/Uml04.jpg\" data-src=\"https:\/\/ferienwohnung-sch\u00f6nkirchen.de\/wp-content\/uploads\/2023\/06\/Uml04.jpg\" data-caption=\"\" srcset=\"https:\/\/ferienwohnung-sch\u00f6nkirchen.de\/wp-content\/uploads\/2023\/06\/Uml04.jpg 600w, https:\/\/ferienwohnung-sch\u00f6nkirchen.de\/wp-content\/uploads\/2023\/06\/Uml04-300x225.jpg 300w\" sizes=\"auto, (max-width: 600px) 100vw, 600px\" \/>\n\t<\/div>\n\n<\/div><div class=\"modula-item\" data-width=\"2\" data-height=\"2\" >\n\t<div class=\"modula-item-content\">\n\t\t\n\t\t\t\t\t<a data-image-id=\"62\" role=\"button\" tabindex=\"0\" rel=\"jtg-57\" data-caption=\"\" aria-label=\"Bilder in Lightbox \u00f6ffnen\" class=\"tile-inner modula-item-link\"><\/a>\n\t\t\n\t\t<img loading=\"lazy\" decoding=\"async\" class=\"pic wp-image-62\"  data-valign=\"middle\" data-halign=\"center\" alt=\"\" data-full=\"https:\/\/ferienwohnung-sch\u00f6nkirchen.de\/wp-content\/uploads\/2023\/06\/Uml05.jpg\" title=\"Uml05\" crop=\"\" width=\"600\" height=\"450\" src=\"https:\/\/ferienwohnung-sch\u00f6nkirchen.de\/wp-content\/uploads\/2023\/06\/Uml05.jpg\" data-src=\"https:\/\/ferienwohnung-sch\u00f6nkirchen.de\/wp-content\/uploads\/2023\/06\/Uml05.jpg\" data-caption=\"\" srcset=\"https:\/\/ferienwohnung-sch\u00f6nkirchen.de\/wp-content\/uploads\/2023\/06\/Uml05.jpg 600w, https:\/\/ferienwohnung-sch\u00f6nkirchen.de\/wp-content\/uploads\/2023\/06\/Uml05-300x225.jpg 300w\" sizes=\"auto, (max-width: 600px) 100vw, 600px\" \/>\n\t<\/div>\n\n<\/div>\t\t\n\t<\/div>\n\n\t\n\t\n\t<script type=\"application\/ld+json\">\n\t{\n\t\t\"@context\": \"http:\/\/schema.org\",\n\t\t\"@type\"   : \"ImageGallery\",\n\t\t\"id\"      : \"https:\/\/ferienwohnung-sch\u00f6nkirchen.de\/?page_id=55\/\",\n\t\t\"url\"     : \"https:\/\/ferienwohnung-sch\u00f6nkirchen.de\/?page_id=55\/\"\n\t}\n\n\t<\/script>\n\n\t\n<\/div>\n\n","protected":false},"excerpt":{"rendered":"<p>Einige Impressionen der &#8222;sch\u00f6nen&#8220; Umgebung Sch\u00f6nkirchens<\/p>\n","protected":false},"author":2,"featured_media":0,"parent":0,"menu_order":0,"comment_status":"closed","ping_status":"closed","template":"template-fullwidth.php","meta":{"footnotes":""},"class_list":["post-55","page","type-page","status-publish","hentry","post-preview"],"yoast_head":"<!-- This site is optimized with the Yoast SEO plugin v27.3 - https:\/\/yoast.com\/product\/yoast-seo-wordpress\/ -->\n<title>Umgebung - Ferienwohnung Sch\u00f6nkirchen<\/title>\n<meta name=\"robots\" content=\"index, follow, max-snippet:-1, max-image-preview:large, max-video-preview:-1\" \/>\n<link rel=\"canonical\" href=\"https:\/\/ferienwohnung-sch\u00f6nkirchen.de\/?page_id=55\" \/>\n<meta property=\"og:locale\" content=\"de_DE\" \/>\n<meta property=\"og:type\" content=\"article\" \/>\n<meta property=\"og:title\" content=\"Umgebung - Ferienwohnung Sch\u00f6nkirchen\" \/>\n<meta property=\"og:description\" content=\"Einige Impressionen der &#8222;sch\u00f6nen&#8220; Umgebung Sch\u00f6nkirchens\" \/>\n<meta property=\"og:url\" content=\"https:\/\/ferienwohnung-sch\u00f6nkirchen.de\/?page_id=55\" \/>\n<meta property=\"og:site_name\" content=\"Ferienwohnung Sch\u00f6nkirchen\" \/>\n<meta property=\"article:modified_time\" content=\"2023-06-18T15:54:46+00:00\" \/>\n<meta name=\"twitter:card\" content=\"summary_large_image\" \/>\n<meta name=\"twitter:label1\" content=\"Gesch\u00e4tzte Lesezeit\" \/>\n\t<meta name=\"twitter:data1\" content=\"1\u00a0Minute\" \/>\n<script type=\"application\/ld+json\" class=\"yoast-schema-graph\">{\"@context\":\"https:\\\/\\\/schema.org\",\"@graph\":[{\"@type\":\"WebPage\",\"@id\":\"https:\\\/\\\/ferienwohnung-sch\u00f6nkirchen.de\\\/?page_id=55\",\"url\":\"https:\\\/\\\/ferienwohnung-sch\u00f6nkirchen.de\\\/?page_id=55\",\"name\":\"Umgebung - Ferienwohnung Sch\u00f6nkirchen\",\"isPartOf\":{\"@id\":\"https:\\\/\\\/ferienwohnung-sch\u00f6nkirchen.de\\\/#website\"},\"datePublished\":\"2023-06-18T15:48:22+00:00\",\"dateModified\":\"2023-06-18T15:54:46+00:00\",\"breadcrumb\":{\"@id\":\"https:\\\/\\\/ferienwohnung-sch\u00f6nkirchen.de\\\/?page_id=55#breadcrumb\"},\"inLanguage\":\"de\",\"potentialAction\":[{\"@type\":\"ReadAction\",\"target\":[\"https:\\\/\\\/ferienwohnung-sch\u00f6nkirchen.de\\\/?page_id=55\"]}]},{\"@type\":\"BreadcrumbList\",\"@id\":\"https:\\\/\\\/ferienwohnung-sch\u00f6nkirchen.de\\\/?page_id=55#breadcrumb\",\"itemListElement\":[{\"@type\":\"ListItem\",\"position\":1,\"name\":\"Startseite\",\"item\":\"https:\\\/\\\/ferienwohnung-sch\u00f6nkirchen.de\\\/\"},{\"@type\":\"ListItem\",\"position\":2,\"name\":\"Umgebung\"}]},{\"@type\":\"WebSite\",\"@id\":\"https:\\\/\\\/ferienwohnung-sch\u00f6nkirchen.de\\\/#website\",\"url\":\"https:\\\/\\\/ferienwohnung-sch\u00f6nkirchen.de\\\/\",\"name\":\"Ferienwohnung Sch\u00f6nkirchen\",\"description\":\"\",\"potentialAction\":[{\"@type\":\"SearchAction\",\"target\":{\"@type\":\"EntryPoint\",\"urlTemplate\":\"https:\\\/\\\/ferienwohnung-sch\u00f6nkirchen.de\\\/?s={search_term_string}\"},\"query-input\":{\"@type\":\"PropertyValueSpecification\",\"valueRequired\":true,\"valueName\":\"search_term_string\"}}],\"inLanguage\":\"de\"}]}<\/script>\n<!-- \/ Yoast SEO plugin. -->","yoast_head_json":{"title":"Umgebung - Ferienwohnung Sch\u00f6nkirchen","robots":{"index":"index","follow":"follow","max-snippet":"max-snippet:-1","max-image-preview":"max-image-preview:large","max-video-preview":"max-video-preview:-1"},"canonical":"https:\/\/ferienwohnung-sch\u00f6nkirchen.de\/?page_id=55","og_locale":"de_DE","og_type":"article","og_title":"Umgebung - Ferienwohnung Sch\u00f6nkirchen","og_description":"Einige Impressionen der &#8222;sch\u00f6nen&#8220; Umgebung Sch\u00f6nkirchens","og_url":"https:\/\/ferienwohnung-sch\u00f6nkirchen.de\/?page_id=55","og_site_name":"Ferienwohnung Sch\u00f6nkirchen","article_modified_time":"2023-06-18T15:54:46+00:00","twitter_card":"summary_large_image","twitter_misc":{"Gesch\u00e4tzte Lesezeit":"1\u00a0Minute"},"schema":{"@context":"https:\/\/schema.org","@graph":[{"@type":"WebPage","@id":"https:\/\/ferienwohnung-sch\u00f6nkirchen.de\/?page_id=55","url":"https:\/\/ferienwohnung-sch\u00f6nkirchen.de\/?page_id=55","name":"Umgebung - Ferienwohnung Sch\u00f6nkirchen","isPartOf":{"@id":"https:\/\/ferienwohnung-sch\u00f6nkirchen.de\/#website"},"datePublished":"2023-06-18T15:48:22+00:00","dateModified":"2023-06-18T15:54:46+00:00","breadcrumb":{"@id":"https:\/\/ferienwohnung-sch\u00f6nkirchen.de\/?page_id=55#breadcrumb"},"inLanguage":"de","potentialAction":[{"@type":"ReadAction","target":["https:\/\/ferienwohnung-sch\u00f6nkirchen.de\/?page_id=55"]}]},{"@type":"BreadcrumbList","@id":"https:\/\/ferienwohnung-sch\u00f6nkirchen.de\/?page_id=55#breadcrumb","itemListElement":[{"@type":"ListItem","position":1,"name":"Startseite","item":"https:\/\/ferienwohnung-sch\u00f6nkirchen.de\/"},{"@type":"ListItem","position":2,"name":"Umgebung"}]},{"@type":"WebSite","@id":"https:\/\/ferienwohnung-sch\u00f6nkirchen.de\/#website","url":"https:\/\/ferienwohnung-sch\u00f6nkirchen.de\/","name":"Ferienwohnung Sch\u00f6nkirchen","description":"","potentialAction":[{"@type":"SearchAction","target":{"@type":"EntryPoint","urlTemplate":"https:\/\/ferienwohnung-sch\u00f6nkirchen.de\/?s={search_term_string}"},"query-input":{"@type":"PropertyValueSpecification","valueRequired":true,"valueName":"search_term_string"}}],"inLanguage":"de"}]}},"_links":{"self":[{"href":"https:\/\/ferienwohnung-sch\u00f6nkirchen.de\/index.php?rest_route=\/wp\/v2\/pages\/55","targetHints":{"allow":["GET"]}}],"collection":[{"href":"https:\/\/ferienwohnung-sch\u00f6nkirchen.de\/index.php?rest_route=\/wp\/v2\/pages"}],"about":[{"href":"https:\/\/ferienwohnung-sch\u00f6nkirchen.de\/index.php?rest_route=\/wp\/v2\/types\/page"}],"author":[{"embeddable":true,"href":"https:\/\/ferienwohnung-sch\u00f6nkirchen.de\/index.php?rest_route=\/wp\/v2\/users\/2"}],"replies":[{"embeddable":true,"href":"https:\/\/ferienwohnung-sch\u00f6nkirchen.de\/index.php?rest_route=%2Fwp%2Fv2%2Fcomments&post=55"}],"version-history":[{"count":2,"href":"https:\/\/ferienwohnung-sch\u00f6nkirchen.de\/index.php?rest_route=\/wp\/v2\/pages\/55\/revisions"}],"predecessor-version":[{"id":73,"href":"https:\/\/ferienwohnung-sch\u00f6nkirchen.de\/index.php?rest_route=\/wp\/v2\/pages\/55\/revisions\/73"}],"wp:attachment":[{"href":"https:\/\/ferienwohnung-sch\u00f6nkirchen.de\/index.php?rest_route=%2Fwp%2Fv2%2Fmedia&parent=55"}],"curies":[{"name":"wp","href":"https:\/\/api.w.org\/{rel}","templated":true}]}}