{"id":6,"date":"2023-06-17T17:55:19","date_gmt":"2023-06-17T17:55:19","guid":{"rendered":"https:\/\/fewo.pwuq.de\/?page_id=6"},"modified":"2023-07-01T16:40:51","modified_gmt":"2023-07-01T16:40:51","slug":"ferienwohnung-schoenkirchen","status":"publish","type":"page","link":"https:\/\/ferienwohnung-sch\u00f6nkirchen.de\/","title":{"rendered":"Willkommen"},"content":{"rendered":"\n<h2 class=\"wp-block-heading\">Die Familie Ottilie begr\u00fc\u00dft Sie auf ihrer Internetpr\u00e4senz!<\/h2>\n\n\n\n<p><img loading=\"lazy\" decoding=\"async\" width=\"500\" height=\"375\" class=\"wp-image-13\" style=\"width: 500px;\" src=\"https:\/\/fewo.pwuq.de\/wp-content\/uploads\/2023\/06\/Wohnung01.jpg\" alt=\"\" srcset=\"https:\/\/ferienwohnung-sch\u00f6nkirchen.de\/wp-content\/uploads\/2023\/06\/Wohnung01.jpg 600w, https:\/\/ferienwohnung-sch\u00f6nkirchen.de\/wp-content\/uploads\/2023\/06\/Wohnung01-300x225.jpg 300w\" sizes=\"auto, (max-width: 500px) 100vw, 500px\" \/><\/p>\n\n\n\n<p>Hier finden Sie alles \u00fcber unsere mit ****<br>(vier Sternen, DTV) ausgezeichnete Ferienwohnung.<\/p>\n\n\n\n<p>Unser&nbsp;Appartement&nbsp;befindet sich in einem 2009 fertig gestellten Neubau in&nbsp;<a href=\"http:\/\/de.wikipedia.org\/wiki\/Sch%C3%B6nkirchen\" target=\"_blank\" rel=\"noreferrer noopener\">Sch\u00f6nkirchen<\/a>&nbsp;zwischen der Landeshauptstadt Kiel, Laboe und der Probstei.<\/p>\n\n\n\n<p>Die unmittelbare\u00a0<a href=\"https:\/\/xn--ferienwohnung-schnkirchen-fsc.de\/?page_id=55\">Umgebung<\/a>\u00a0bietet viele M\u00f6glichkeiten der Freizeitgestaltung. Die ersten Sehensw\u00fcrdigkeiten finden sich schon wenige Autominuten entfernt im Ostseebad\u00a0<a href=\"http:\/\/de.wikipedia.org\/wiki\/Laboe\" target=\"_blank\" rel=\"noreferrer noopener\">Laboe<\/a>\u00a0direkt an der Kieler F\u00f6rde. Mit mehr als 80 Metern \u00fcber dem Meeresspiegel bietet die Plattform des\u00a0<a href=\"https:\/\/deutscher-marinebund.de\/marine-ehrenmal-u-995\/marine-ehrenmal\/\" target=\"_blank\" rel=\"noreferrer noopener\">Marine-Ehrenmals<\/a>\u00a0einen immer sehenswerten Ausblick, dem in den letzten 50 Jahren schon mehr als 14 Millionen Menschen nicht widerstehen konnten. Und den meisten von ihnen ist w\u00e4hrend ihres Besuches ein\u00a0<a href=\"http:\/\/de.wikipedia.org\/wiki\/U_995\" target=\"_blank\" rel=\"noreferrer noopener\">U-Boot<\/a>\u00a0begegnet. Doch keine Angst, dieses liegt am Strand und kann gefahrlos besichtigt werden.<\/p>\n\n\n\n<p>Nicht ganz Ihr Geschmack? Lieber etwas Sport? Dann aber bitte richtig! Eines der gro\u00dfen Sportveranstaltungen findet nicht alle vier Jahre irgendwo, sondern j\u00e4hrlich nur in Kiel statt:&nbsp;<a href=\"http:\/\/www.kieler-woche.de\/\" target=\"_blank\" rel=\"noreferrer noopener\">Die Kieler Woche<\/a>&nbsp;ist das gr\u00f6\u00dfte Segelsportereignis der Welt und ganz nebenbei eines der gr\u00f6\u00dften Volksfeste Nordeuropas.<\/p>\n","protected":false},"excerpt":{"rendered":"<p>Die Familie Ottilie begr\u00fc\u00dft Sie auf ihrer Internetpr\u00e4senz! Hier finden Sie alles \u00fcber unsere mit ****(vier Sternen, DTV) ausgezeichnete Ferienwohnung. Unser&nbsp;Appartement&nbsp;befindet sich in einem 2009 fertig gestellten Neubau in&nbsp;Sch\u00f6nkirchen&nbsp;zwischen der Landeshauptstadt Kiel, Laboe und der Probstei. Die unmittelbare\u00a0Umgebung\u00a0bietet viele M\u00f6glichkeiten der Freizeitgestaltung. Die ersten Sehensw\u00fcrdigkeiten finden sich schon wenige Autominuten entfernt im Ostseebad\u00a0Laboe\u00a0direkt an der [&hellip;]<\/p>\n","protected":false},"author":1,"featured_media":0,"parent":0,"menu_order":0,"comment_status":"closed","ping_status":"closed","template":"template-fullwidth.php","meta":{"footnotes":""},"class_list":["post-6","page","type-page","status-publish","hentry","post-preview"],"yoast_head":"<!-- This site is optimized with the Yoast SEO plugin v27.3 - https:\/\/yoast.com\/product\/yoast-seo-wordpress\/ -->\n<title>Willkommen - Ferienwohnung Sch\u00f6nkirchen<\/title>\n<meta name=\"robots\" content=\"index, follow, max-snippet:-1, max-image-preview:large, max-video-preview:-1\" \/>\n<link rel=\"canonical\" href=\"https:\/\/ferienwohnung-sch\u00f6nkirchen.de\/\" \/>\n<meta property=\"og:locale\" content=\"de_DE\" \/>\n<meta property=\"og:type\" content=\"article\" \/>\n<meta property=\"og:title\" content=\"Willkommen - Ferienwohnung Sch\u00f6nkirchen\" \/>\n<meta property=\"og:description\" content=\"Die Familie Ottilie begr\u00fc\u00dft Sie auf ihrer Internetpr\u00e4senz! Hier finden Sie alles \u00fcber unsere mit ****(vier Sternen, DTV) ausgezeichnete Ferienwohnung. Unser&nbsp;Appartement&nbsp;befindet sich in einem 2009 fertig gestellten Neubau in&nbsp;Sch\u00f6nkirchen&nbsp;zwischen der Landeshauptstadt Kiel, Laboe und der Probstei. Die unmittelbare\u00a0Umgebung\u00a0bietet viele M\u00f6glichkeiten der Freizeitgestaltung. Die ersten Sehensw\u00fcrdigkeiten finden sich schon wenige Autominuten entfernt im Ostseebad\u00a0Laboe\u00a0direkt an der [&hellip;]\" \/>\n<meta property=\"og:url\" content=\"https:\/\/ferienwohnung-sch\u00f6nkirchen.de\/\" \/>\n<meta property=\"og:site_name\" content=\"Ferienwohnung Sch\u00f6nkirchen\" \/>\n<meta property=\"article:modified_time\" content=\"2023-07-01T16:40:51+00:00\" \/>\n<meta property=\"og:image\" content=\"https:\/\/fewo.pwuq.de\/wp-content\/uploads\/2023\/06\/Wohnung01.jpg\" \/>\n<meta name=\"twitter:card\" content=\"summary_large_image\" \/>\n<meta name=\"twitter:label1\" content=\"Gesch\u00e4tzte Lesezeit\" \/>\n\t<meta name=\"twitter:data1\" content=\"2\u00a0Minuten\" \/>\n<script type=\"application\/ld+json\" class=\"yoast-schema-graph\">{\"@context\":\"https:\\\/\\\/schema.org\",\"@graph\":[{\"@type\":\"WebPage\",\"@id\":\"https:\\\/\\\/ferienwohnung-sch\u00f6nkirchen.de\\\/\",\"url\":\"https:\\\/\\\/ferienwohnung-sch\u00f6nkirchen.de\\\/\",\"name\":\"Willkommen - Ferienwohnung Sch\u00f6nkirchen\",\"isPartOf\":{\"@id\":\"https:\\\/\\\/ferienwohnung-sch\u00f6nkirchen.de\\\/#website\"},\"primaryImageOfPage\":{\"@id\":\"https:\\\/\\\/ferienwohnung-sch\u00f6nkirchen.de\\\/#primaryimage\"},\"image\":{\"@id\":\"https:\\\/\\\/ferienwohnung-sch\u00f6nkirchen.de\\\/#primaryimage\"},\"thumbnailUrl\":\"https:\\\/\\\/fewo.pwuq.de\\\/wp-content\\\/uploads\\\/2023\\\/06\\\/Wohnung01.jpg\",\"datePublished\":\"2023-06-17T17:55:19+00:00\",\"dateModified\":\"2023-07-01T16:40:51+00:00\",\"breadcrumb\":{\"@id\":\"https:\\\/\\\/ferienwohnung-sch\u00f6nkirchen.de\\\/#breadcrumb\"},\"inLanguage\":\"de\",\"potentialAction\":[{\"@type\":\"ReadAction\",\"target\":[\"https:\\\/\\\/ferienwohnung-sch\u00f6nkirchen.de\\\/\"]}]},{\"@type\":\"ImageObject\",\"inLanguage\":\"de\",\"@id\":\"https:\\\/\\\/ferienwohnung-sch\u00f6nkirchen.de\\\/#primaryimage\",\"url\":\"https:\\\/\\\/fewo.pwuq.de\\\/wp-content\\\/uploads\\\/2023\\\/06\\\/Wohnung01.jpg\",\"contentUrl\":\"https:\\\/\\\/fewo.pwuq.de\\\/wp-content\\\/uploads\\\/2023\\\/06\\\/Wohnung01.jpg\"},{\"@type\":\"BreadcrumbList\",\"@id\":\"https:\\\/\\\/ferienwohnung-sch\u00f6nkirchen.de\\\/#breadcrumb\",\"itemListElement\":[{\"@type\":\"ListItem\",\"position\":1,\"name\":\"Startseite\",\"item\":\"https:\\\/\\\/ferienwohnung-sch\u00f6nkirchen.de\\\/\"},{\"@type\":\"ListItem\",\"position\":2,\"name\":\"Willkommen\"}]},{\"@type\":\"WebSite\",\"@id\":\"https:\\\/\\\/ferienwohnung-sch\u00f6nkirchen.de\\\/#website\",\"url\":\"https:\\\/\\\/ferienwohnung-sch\u00f6nkirchen.de\\\/\",\"name\":\"Ferienwohnung Sch\u00f6nkirchen\",\"description\":\"\",\"potentialAction\":[{\"@type\":\"SearchAction\",\"target\":{\"@type\":\"EntryPoint\",\"urlTemplate\":\"https:\\\/\\\/ferienwohnung-sch\u00f6nkirchen.de\\\/?s={search_term_string}\"},\"query-input\":{\"@type\":\"PropertyValueSpecification\",\"valueRequired\":true,\"valueName\":\"search_term_string\"}}],\"inLanguage\":\"de\"}]}<\/script>\n<!-- \/ Yoast SEO plugin. -->","yoast_head_json":{"title":"Willkommen - Ferienwohnung Sch\u00f6nkirchen","robots":{"index":"index","follow":"follow","max-snippet":"max-snippet:-1","max-image-preview":"max-image-preview:large","max-video-preview":"max-video-preview:-1"},"canonical":"https:\/\/ferienwohnung-sch\u00f6nkirchen.de\/","og_locale":"de_DE","og_type":"article","og_title":"Willkommen - Ferienwohnung Sch\u00f6nkirchen","og_description":"Die Familie Ottilie begr\u00fc\u00dft Sie auf ihrer Internetpr\u00e4senz! Hier finden Sie alles \u00fcber unsere mit ****(vier Sternen, DTV) ausgezeichnete Ferienwohnung. Unser&nbsp;Appartement&nbsp;befindet sich in einem 2009 fertig gestellten Neubau in&nbsp;Sch\u00f6nkirchen&nbsp;zwischen der Landeshauptstadt Kiel, Laboe und der Probstei. Die unmittelbare\u00a0Umgebung\u00a0bietet viele M\u00f6glichkeiten der Freizeitgestaltung. Die ersten Sehensw\u00fcrdigkeiten finden sich schon wenige Autominuten entfernt im Ostseebad\u00a0Laboe\u00a0direkt an der [&hellip;]","og_url":"https:\/\/ferienwohnung-sch\u00f6nkirchen.de\/","og_site_name":"Ferienwohnung Sch\u00f6nkirchen","article_modified_time":"2023-07-01T16:40:51+00:00","og_image":[{"url":"https:\/\/fewo.pwuq.de\/wp-content\/uploads\/2023\/06\/Wohnung01.jpg","type":"","width":"","height":""}],"twitter_card":"summary_large_image","twitter_misc":{"Gesch\u00e4tzte Lesezeit":"2\u00a0Minuten"},"schema":{"@context":"https:\/\/schema.org","@graph":[{"@type":"WebPage","@id":"https:\/\/ferienwohnung-sch\u00f6nkirchen.de\/","url":"https:\/\/ferienwohnung-sch\u00f6nkirchen.de\/","name":"Willkommen - Ferienwohnung Sch\u00f6nkirchen","isPartOf":{"@id":"https:\/\/ferienwohnung-sch\u00f6nkirchen.de\/#website"},"primaryImageOfPage":{"@id":"https:\/\/ferienwohnung-sch\u00f6nkirchen.de\/#primaryimage"},"image":{"@id":"https:\/\/ferienwohnung-sch\u00f6nkirchen.de\/#primaryimage"},"thumbnailUrl":"https:\/\/fewo.pwuq.de\/wp-content\/uploads\/2023\/06\/Wohnung01.jpg","datePublished":"2023-06-17T17:55:19+00:00","dateModified":"2023-07-01T16:40:51+00:00","breadcrumb":{"@id":"https:\/\/ferienwohnung-sch\u00f6nkirchen.de\/#breadcrumb"},"inLanguage":"de","potentialAction":[{"@type":"ReadAction","target":["https:\/\/ferienwohnung-sch\u00f6nkirchen.de\/"]}]},{"@type":"ImageObject","inLanguage":"de","@id":"https:\/\/ferienwohnung-sch\u00f6nkirchen.de\/#primaryimage","url":"https:\/\/fewo.pwuq.de\/wp-content\/uploads\/2023\/06\/Wohnung01.jpg","contentUrl":"https:\/\/fewo.pwuq.de\/wp-content\/uploads\/2023\/06\/Wohnung01.jpg"},{"@type":"BreadcrumbList","@id":"https:\/\/ferienwohnung-sch\u00f6nkirchen.de\/#breadcrumb","itemListElement":[{"@type":"ListItem","position":1,"name":"Startseite","item":"https:\/\/ferienwohnung-sch\u00f6nkirchen.de\/"},{"@type":"ListItem","position":2,"name":"Willkommen"}]},{"@type":"WebSite","@id":"https:\/\/ferienwohnung-sch\u00f6nkirchen.de\/#website","url":"https:\/\/ferienwohnung-sch\u00f6nkirchen.de\/","name":"Ferienwohnung Sch\u00f6nkirchen","description":"","potentialAction":[{"@type":"SearchAction","target":{"@type":"EntryPoint","urlTemplate":"https:\/\/ferienwohnung-sch\u00f6nkirchen.de\/?s={search_term_string}"},"query-input":{"@type":"PropertyValueSpecification","valueRequired":true,"valueName":"search_term_string"}}],"inLanguage":"de"}]}},"_links":{"self":[{"href":"https:\/\/ferienwohnung-sch\u00f6nkirchen.de\/index.php?rest_route=\/wp\/v2\/pages\/6","targetHints":{"allow":["GET"]}}],"collection":[{"href":"https:\/\/ferienwohnung-sch\u00f6nkirchen.de\/index.php?rest_route=\/wp\/v2\/pages"}],"about":[{"href":"https:\/\/ferienwohnung-sch\u00f6nkirchen.de\/index.php?rest_route=\/wp\/v2\/types\/page"}],"author":[{"embeddable":true,"href":"https:\/\/ferienwohnung-sch\u00f6nkirchen.de\/index.php?rest_route=\/wp\/v2\/users\/1"}],"replies":[{"embeddable":true,"href":"https:\/\/ferienwohnung-sch\u00f6nkirchen.de\/index.php?rest_route=%2Fwp%2Fv2%2Fcomments&post=6"}],"version-history":[{"count":12,"href":"https:\/\/ferienwohnung-sch\u00f6nkirchen.de\/index.php?rest_route=\/wp\/v2\/pages\/6\/revisions"}],"predecessor-version":[{"id":102,"href":"https:\/\/ferienwohnung-sch\u00f6nkirchen.de\/index.php?rest_route=\/wp\/v2\/pages\/6\/revisions\/102"}],"wp:attachment":[{"href":"https:\/\/ferienwohnung-sch\u00f6nkirchen.de\/index.php?rest_route=%2Fwp%2Fv2%2Fmedia&parent=6"}],"curies":[{"name":"wp","href":"https:\/\/api.w.org\/{rel}","templated":true}]}}